{"id":63,"date":"2019-01-24T00:57:32","date_gmt":"2019-01-23T23:57:32","guid":{"rendered":"http:\/\/ssv-nuertingen.de\/?page_id=63"},"modified":"2021-09-28T23:38:21","modified_gmt":"2021-09-28T21:38:21","slug":"downloads","status":"publish","type":"page","link":"http:\/\/ssv-nuertingen.de\/?page_id=63","title":{"rendered":"Downloads"},"content":{"rendered":"\n<p>Auf dieser Seite finden Sie diverse Dokumente zum Download.<br><br>Bei Fragen zu den Dateien stehen wir unter info@ssv-nuertingen.de jederzeit gerne zur Verf\u00fcgung.<br> <\/p>\n\n\n\n<p><a href=\"http:\/\/ssv-nuertingen.de\/wp-content\/uploads\/2021\/09\/20210611_Bericht-NTZ_SSV-MV2021-1.png\">Pressebericht unserer Mitgliederversammlung<\/a> (N\u00fcrtinger Zeitung, 11.6.2021)<\/p>\n\n\n\n<p><a href=\"http:\/\/ssv-nuertingen.de\/wp-content\/uploads\/2021\/09\/SSV-NT-Einladung_MV_20210511.pdf\">Einladung zur Mitgliederversammlung 2021<\/a> <\/p>\n\n\n\n<p><a href=\"http:\/\/ssv-nuertingen.de\/wp-content\/uploads\/2021\/09\/Abschlussbericht_Sportentwicklung_Nuertingen_Stand-_28.01.2021.pdf\">Abschlussbericht der Sportentwicklungsplanung N\u00fcrtingen 2021<\/a><\/p>\n\n\n\n<p><a href=\"http:\/\/ssv-nuertingen.de\/wp-content\/uploads\/2018\/06\/Satzung-Stadtsportverband-N\u00fcrtingen-mit-Logo.pdf\">Satzung Stadtsportverband N\u00fcrtingen<\/a><\/p>\n\n\n\n<p><a href=\"http:\/\/ssv-nuertingen.de\/?attachment_id=37\">Mitgliederantrag Stadtsportverband N\u00fcrtingen<\/a><\/p>\n\n\n\n<p><a href=\"http:\/\/ssv-nuertingen.de\/?attachment_id=39\">Stellungnahme des Stadtsportverbands zum Neckarfest<\/a><\/p>\n","protected":false},"excerpt":{"rendered":"<p>Auf dieser Seite finden Sie diverse Dokumente zum Download. Bei Fragen zu den Dateien stehen wir unter info@ssv-nuertingen.de jederzeit gerne zur Verf\u00fcgung. Pressebericht unserer Mitgliederversammlung (N\u00fcrtinger Zeitung, 11.6.2021) Einladung zur Mitgliederversammlung 2021 Abschlussbericht der Sportentwicklungsplanung N\u00fcrtingen 2021 Satzung Stadtsportverband N\u00fcrtingen Mitgliederantrag Stadtsportverband N\u00fcrtingen Stellungnahme des Stadtsportverbands zum Neckarfest<\/p>\n","protected":false},"author":1,"featured_media":0,"parent":0,"menu_order":0,"comment_status":"open","ping_status":"closed","template":"","meta":{"footnotes":""},"_links":{"self":[{"href":"http:\/\/ssv-nuertingen.de\/index.php?rest_route=\/wp\/v2\/pages\/63"}],"collection":[{"href":"http:\/\/ssv-nuertingen.de\/index.php?rest_route=\/wp\/v2\/pages"}],"about":[{"href":"http:\/\/ssv-nuertingen.de\/index.php?rest_route=\/wp\/v2\/types\/page"}],"author":[{"embeddable":true,"href":"http:\/\/ssv-nuertingen.de\/index.php?rest_route=\/wp\/v2\/users\/1"}],"replies":[{"embeddable":true,"href":"http:\/\/ssv-nuertingen.de\/index.php?rest_route=%2Fwp%2Fv2%2Fcomments&post=63"}],"version-history":[{"count":13,"href":"http:\/\/ssv-nuertingen.de\/index.php?rest_route=\/wp\/v2\/pages\/63\/revisions"}],"predecessor-version":[{"id":107,"href":"http:\/\/ssv-nuertingen.de\/index.php?rest_route=\/wp\/v2\/pages\/63\/revisions\/107"}],"wp:attachment":[{"href":"http:\/\/ssv-nuertingen.de\/index.php?rest_route=%2Fwp%2Fv2%2Fmedia&parent=63"}],"curies":[{"name":"wp","href":"https:\/\/api.w.org\/{rel}","templated":true}]}}